{"id":29256,"date":"2025-12-17T17:24:46","date_gmt":"2025-12-17T17:24:46","guid":{"rendered":"https:\/\/website19.correoilimitado.com\/?page_id=29256"},"modified":"2025-12-18T00:18:33","modified_gmt":"2025-12-18T00:18:33","slug":"servicios","status":"publish","type":"page","link":"https:\/\/westinelevadores.com\/en\/servicios\/","title":{"rendered":"Servicios"},"content":{"rendered":"<div data-elementor-type=\"wp-page\" data-elementor-id=\"29256\" class=\"elementor elementor-29256\">\n\t\t\t\t<div class=\"wd-negative-gap elementor-element elementor-element-b74a6ab e-flex e-con-boxed e-con e-parent\" data-id=\"b74a6ab\" data-element_type=\"container\">\n\t\t\t\t\t<div class=\"e-con-inner\">\n\t\t\t\t<div class=\"elementor-element elementor-element-bc87a3e elementor-widget elementor-widget-spacer\" data-id=\"bc87a3e\" data-element_type=\"widget\" data-widget_type=\"spacer.default\">\n\t\t\t\t\t\t\t<div class=\"elementor-spacer\">\n\t\t\t<div class=\"elementor-spacer-inner\"><\/div>\n\t\t<\/div>\n\t\t\t\t\t\t<\/div>\n\t\t\t\t\t<\/div>\n\t\t\t\t<\/div>\n\t\t<div class=\"wd-negative-gap elementor-element elementor-element-55f82de e-flex e-con-boxed e-con e-parent\" data-id=\"55f82de\" data-element_type=\"container\">\n\t\t\t\t\t<div class=\"e-con-inner\">\n\t\t<div class=\"elementor-element elementor-element-b309111 e-con-full e-flex e-con e-child\" data-id=\"b309111\" data-element_type=\"container\">\n\t\t\t\t<div class=\"elementor-element elementor-element-f8a8973 elementor-position-top elementor-widget elementor-widget-image-box\" data-id=\"f8a8973\" data-element_type=\"widget\" data-widget_type=\"image-box.default\">\n\t\t\t\t\t<div class=\"elementor-image-box-wrapper\"><figure class=\"elementor-image-box-img\"><img loading=\"lazy\" decoding=\"async\" width=\"64\" height=\"64\" src=\"https:\/\/westinelevadores.com\/wp-content\/uploads\/2025\/12\/004-ventas.png\" class=\"attachment-full size-full wp-image-29410\" alt=\"\" \/><\/figure><div class=\"elementor-image-box-content\"><h3 class=\"elementor-image-box-title\">Venta de Sistemas de Elevaci\u00f3n<\/h3><p class=\"elementor-image-box-description\">Comercializaci\u00f3n de ascensores, monta veh\u00edculos y elevadores para personas con discapacidad, cumpliendo altos est\u00e1ndares de seguridad, eficiencia y durabilidad.<\/p><\/div><\/div>\t\t\t\t<\/div>\n\t\t\t\t<\/div>\n\t\t<div class=\"elementor-element elementor-element-2e0b2b3 e-con-full e-flex e-con e-child\" data-id=\"2e0b2b3\" data-element_type=\"container\">\n\t\t\t\t<div class=\"elementor-element elementor-element-938dd78 elementor-position-top elementor-widget elementor-widget-image-box\" data-id=\"938dd78\" data-element_type=\"widget\" data-widget_type=\"image-box.default\">\n\t\t\t\t\t<div class=\"elementor-image-box-wrapper\"><figure class=\"elementor-image-box-img\"><img loading=\"lazy\" decoding=\"async\" width=\"64\" height=\"64\" src=\"https:\/\/westinelevadores.com\/wp-content\/uploads\/2025\/12\/002-fcil-instalacin.png\" class=\"attachment-full size-full wp-image-29408\" alt=\"\" \/><\/figure><div class=\"elementor-image-box-content\"><h3 class=\"elementor-image-box-title\">Instalaci\u00f3n de Sistemas de Elevaci\u00f3n<\/h3><p class=\"elementor-image-box-description\">Instalaci\u00f3n profesional y certificada de equipos de elevaci\u00f3n, asegurando un funcionamiento \u00f3ptimo, seguro y conforme a la normativa t\u00e9cnica vigente.<\/p><\/div><\/div>\t\t\t\t<\/div>\n\t\t\t\t<\/div>\n\t\t<div class=\"elementor-element elementor-element-365c964 e-con-full e-flex e-con e-child\" data-id=\"365c964\" data-element_type=\"container\">\n\t\t\t\t<div class=\"elementor-element elementor-element-04e3f1d elementor-position-top elementor-widget elementor-widget-image-box\" data-id=\"04e3f1d\" data-element_type=\"widget\" data-widget_type=\"image-box.default\">\n\t\t\t\t\t<div class=\"elementor-image-box-wrapper\"><figure class=\"elementor-image-box-img\"><img loading=\"lazy\" decoding=\"async\" width=\"64\" height=\"64\" src=\"https:\/\/westinelevadores.com\/wp-content\/uploads\/2025\/12\/005-mantenimiento.png\" class=\"attachment-full size-full wp-image-29411\" alt=\"\" \/><\/figure><div class=\"elementor-image-box-content\"><h3 class=\"elementor-image-box-title\">Mantenimiento y Reparaci\u00f3n de Ascensores<\/h3><p class=\"elementor-image-box-description\">Servicio preventivo y correctivo para sistemas de elevaci\u00f3n, enfocado en prolongar la vida \u00fatil del equipo, reducir fallas y garantizar la seguridad operativa.<\/p><\/div><\/div>\t\t\t\t<\/div>\n\t\t\t\t<\/div>\n\t\t\t\t\t<\/div>\n\t\t\t\t<\/div>\n\t\t<div class=\"wd-negative-gap elementor-element elementor-element-107df14 e-flex e-con-boxed e-con e-parent\" data-id=\"107df14\" data-element_type=\"container\">\n\t\t\t\t\t<div class=\"e-con-inner\">\n\t\t\t\t<div class=\"elementor-element elementor-element-e3f1ce4 elementor-widget elementor-widget-spacer\" data-id=\"e3f1ce4\" data-element_type=\"widget\" data-widget_type=\"spacer.default\">\n\t\t\t\t\t\t\t<div class=\"elementor-spacer\">\n\t\t\t<div class=\"elementor-spacer-inner\"><\/div>\n\t\t<\/div>\n\t\t\t\t\t\t<\/div>\n\t\t\t\t\t<\/div>\n\t\t\t\t<\/div>\n\t\t<div class=\"wd-negative-gap elementor-element elementor-element-cf1e237 e-flex e-con-boxed e-con e-parent\" data-id=\"cf1e237\" data-element_type=\"container\">\n\t\t\t\t\t<div class=\"e-con-inner\">\n\t\t<div class=\"elementor-element elementor-element-f0f860c e-con-full e-flex e-con e-child\" data-id=\"f0f860c\" data-element_type=\"container\">\n\t\t\t\t<div class=\"elementor-element elementor-element-d74cd5d elementor-position-top elementor-widget elementor-widget-image-box\" data-id=\"d74cd5d\" data-element_type=\"widget\" data-widget_type=\"image-box.default\">\n\t\t\t\t\t<div class=\"elementor-image-box-wrapper\"><figure class=\"elementor-image-box-img\"><img loading=\"lazy\" decoding=\"async\" width=\"64\" height=\"64\" src=\"https:\/\/westinelevadores.com\/wp-content\/uploads\/2025\/12\/003-ascensor.png\" class=\"attachment-full size-full wp-image-29409\" alt=\"\" \/><\/figure><div class=\"elementor-image-box-content\"><h3 class=\"elementor-image-box-title\">Soluciones para Puertas Levadizas<\/h3><p class=\"elementor-image-box-description\">Instalaci\u00f3n, mantenimiento y optimizaci\u00f3n de puertas levadizas, incluyendo sistemas de automatizaci\u00f3n y control para un uso seguro y eficiente.<\/p><\/div><\/div>\t\t\t\t<\/div>\n\t\t\t\t<\/div>\n\t\t<div class=\"elementor-element elementor-element-90cf7d6 e-con-full e-flex e-con e-child\" data-id=\"90cf7d6\" data-element_type=\"container\">\n\t\t\t\t<div class=\"elementor-element elementor-element-6951e05 elementor-position-top elementor-widget elementor-widget-image-box\" data-id=\"6951e05\" data-element_type=\"widget\" data-widget_type=\"image-box.default\">\n\t\t\t\t\t<div class=\"elementor-image-box-wrapper\"><figure class=\"elementor-image-box-img\"><img loading=\"lazy\" decoding=\"async\" width=\"64\" height=\"64\" src=\"https:\/\/westinelevadores.com\/wp-content\/uploads\/2025\/12\/001-piezas-de-repuesto.png\" class=\"attachment-full size-full wp-image-29407\" alt=\"\" \/><\/figure><div class=\"elementor-image-box-content\"><h3 class=\"elementor-image-box-title\">Venta de Repuestos y Accesorios<\/h3><p class=\"elementor-image-box-description\">Suministro de repuestos originales y compatibles como botoneras de cabina, controles de puerta, encoders, variadores y otros componentes esenciales.<\/p><\/div><\/div>\t\t\t\t<\/div>\n\t\t\t\t<\/div>\n\t\t<div class=\"elementor-element elementor-element-8b3414e e-con-full e-flex e-con e-child\" data-id=\"8b3414e\" data-element_type=\"container\">\n\t\t\t\t<div class=\"elementor-element elementor-element-65fb330 elementor-position-top elementor-widget elementor-widget-image-box\" data-id=\"65fb330\" data-element_type=\"widget\" data-widget_type=\"image-box.default\">\n\t\t\t\t\t<div class=\"elementor-image-box-wrapper\"><figure class=\"elementor-image-box-img\"><img loading=\"lazy\" decoding=\"async\" width=\"64\" height=\"64\" src=\"https:\/\/westinelevadores.com\/wp-content\/uploads\/2025\/12\/006-operando.png\" class=\"attachment-full size-full wp-image-29412\" alt=\"\" \/><\/figure><div class=\"elementor-image-box-content\"><h3 class=\"elementor-image-box-title\">Ensamblado de Tableros y Sistemas de Control<\/h3><p class=\"elementor-image-box-description\">Dise\u00f1o, ensamblado e instalaci\u00f3n de tableros de control y receptores para puertas levadizas, personalizados seg\u00fan las necesidades de cada proyecto.<\/p><\/div><\/div>\t\t\t\t<\/div>\n\t\t\t\t<\/div>\n\t\t\t\t\t<\/div>\n\t\t\t\t<\/div>\n\t\t<div class=\"wd-negative-gap elementor-element elementor-element-9c6674f e-flex e-con-boxed e-con e-parent\" data-id=\"9c6674f\" data-element_type=\"container\">\n\t\t\t\t\t<div class=\"e-con-inner\">\n\t\t\t\t<div class=\"elementor-element elementor-element-09025f4 elementor-widget elementor-widget-spacer\" data-id=\"09025f4\" data-element_type=\"widget\" data-widget_type=\"spacer.default\">\n\t\t\t\t\t\t\t<div class=\"elementor-spacer\">\n\t\t\t<div class=\"elementor-spacer-inner\"><\/div>\n\t\t<\/div>\n\t\t\t\t\t\t<\/div>\n\t\t\t\t\t<\/div>\n\t\t\t\t<\/div>\n\t\t<div class=\"wd-negative-gap elementor-element elementor-element-eb84353 e-flex e-con-boxed e-con e-parent\" data-id=\"eb84353\" data-element_type=\"container\">\n\t\t\t\t\t<div class=\"e-con-inner\">\n\t\t\t\t\t<\/div>\n\t\t\t\t<\/div>\n\t\t\t\t<\/div>","protected":false},"excerpt":{"rendered":"<p>Venta de Sistemas de Elevaci\u00f3n Comercializaci\u00f3n de ascensores, monta veh\u00edculos y elevadores para personas con discapacidad, cumpliendo altos est\u00e1ndares de<\/p>","protected":false},"author":1,"featured_media":0,"parent":0,"menu_order":0,"comment_status":"closed","ping_status":"closed","template":"","meta":{"_joinchat":[],"footnotes":""},"class_list":["post-29256","page","type-page","status-publish","hentry"],"_links":{"self":[{"href":"https:\/\/westinelevadores.com\/en\/wp-json\/wp\/v2\/pages\/29256","targetHints":{"allow":["GET"]}}],"collection":[{"href":"https:\/\/westinelevadores.com\/en\/wp-json\/wp\/v2\/pages"}],"about":[{"href":"https:\/\/westinelevadores.com\/en\/wp-json\/wp\/v2\/types\/page"}],"author":[{"embeddable":true,"href":"https:\/\/westinelevadores.com\/en\/wp-json\/wp\/v2\/users\/1"}],"replies":[{"embeddable":true,"href":"https:\/\/westinelevadores.com\/en\/wp-json\/wp\/v2\/comments?post=29256"}],"version-history":[{"count":22,"href":"https:\/\/westinelevadores.com\/en\/wp-json\/wp\/v2\/pages\/29256\/revisions"}],"predecessor-version":[{"id":29415,"href":"https:\/\/westinelevadores.com\/en\/wp-json\/wp\/v2\/pages\/29256\/revisions\/29415"}],"wp:attachment":[{"href":"https:\/\/westinelevadores.com\/en\/wp-json\/wp\/v2\/media?parent=29256"}],"curies":[{"name":"wp","href":"https:\/\/api.w.org\/{rel}","templated":true}]}}